{"id":697,"date":"2024-05-15T12:05:29","date_gmt":"2024-05-15T10:05:29","guid":{"rendered":"https:\/\/josepbeltran.cat\/?post_type=product&#038;p=697"},"modified":"2026-02-17T09:37:32","modified_gmt":"2026-02-17T07:37:32","slug":"caja-ancestral-syrah-josep-beltran-6-unid","status":"publish","type":"product","link":"https:\/\/josepbeltran.cat\/es\/producte\/caja-ancestral-syrah-josep-beltran-6-unid\/","title":{"rendered":"Caja Ancestral Syrah Josep Beltran (x6 unid.)"},"content":{"rendered":"<p>[et_pb_section fb_built=\u00bb1&#8243; theme_builder_area=\u00bbpost_content\u00bb _builder_version=\u00bb4.27.5&#8243; _module_preset=\u00bbdefault\u00bb][\/et_pb_section]<\/p>\n","protected":false},"excerpt":{"rendered":"<ul>\n<li>Tipo de vino: Ancestral ecol\u00f3gico de m\u00ednima intervenci\u00f3n<\/li>\n<li>Bodega: Josep Beltran Viticultor<\/li>\n<li>Certificaci\u00f3n ecol\u00f3gica<\/li>\n<li>Denominaci\u00f3n de origen: Sin DO<\/li>\n<li>Capacidad botella: 75 ml<\/li>\n<li>Uva: 100% Syrah<\/li>\n<li>Graduaci\u00f3n: 11\u20195 % vol<\/li>\n<li>T\u00aa de servicio: 5\u00ba-8\u00baC<\/li>\n<\/ul>\n","protected":false},"featured_media":685,"template":"","meta":{"_et_pb_use_builder":"on","_et_pb_old_content":"Ancestral de Syrah se elabora con uvas de cultivo ecol\u00f3gico procedentes de Ordal, en la comarca del Pened\u00e8s, cultivadas a 400 metros de altitud. Destaca por su car\u00e1cter goloso, con burbujas vivas que capturan la esencia del terroir. Ideal para los amantes de los espumosos con un toque singular y aut\u00e9ntico.\r\n<ul>\r\n \t<li>Tipo de vino: Ancestral ecol\u00f3gico de m\u00ednima intervenci\u00f3n<\/li>\r\n \t<li>Bodega: Josep Beltran Viticultor<\/li>\r\n \t<li>Certificaci\u00f3n ecol\u00f3gica<\/li>\r\n \t<li>Denominaci\u00f3n de origen: Sin DO<\/li>\r\n \t<li>Capacidad botella: 75 ml<\/li>\r\n \t<li>Uva: 100% Syrah<\/li>\r\n \t<li>Graduaci\u00f3n: 11\u20195 % vol<\/li>\r\n \t<li>T\u00aa de servicio: 5\u00ba-8\u00baC<\/li>\r\n<\/ul>","_et_gb_content_width":""},"product_brand":[],"product_cat":[40],"product_tag":[],"class_list":{"0":"post-697","1":"product","2":"type-product","3":"status-publish","4":"has-post-thumbnail","6":"product_cat-vinos","8":"first","9":"instock","10":"shipping-taxable","11":"purchasable","12":"product-type-simple"},"_links":{"self":[{"href":"https:\/\/josepbeltran.cat\/es\/wp-json\/wp\/v2\/product\/697","targetHints":{"allow":["GET"]}}],"collection":[{"href":"https:\/\/josepbeltran.cat\/es\/wp-json\/wp\/v2\/product"}],"about":[{"href":"https:\/\/josepbeltran.cat\/es\/wp-json\/wp\/v2\/types\/product"}],"wp:featuredmedia":[{"embeddable":true,"href":"https:\/\/josepbeltran.cat\/es\/wp-json\/wp\/v2\/media\/685"}],"wp:attachment":[{"href":"https:\/\/josepbeltran.cat\/es\/wp-json\/wp\/v2\/media?parent=697"}],"wp:term":[{"taxonomy":"product_brand","embeddable":true,"href":"https:\/\/josepbeltran.cat\/es\/wp-json\/wp\/v2\/product_brand?post=697"},{"taxonomy":"product_cat","embeddable":true,"href":"https:\/\/josepbeltran.cat\/es\/wp-json\/wp\/v2\/product_cat?post=697"},{"taxonomy":"product_tag","embeddable":true,"href":"https:\/\/josepbeltran.cat\/es\/wp-json\/wp\/v2\/product_tag?post=697"}],"curies":[{"name":"wp","href":"https:\/\/api.w.org\/{rel}","templated":true}]}}